{"id":23005,"date":"2026-01-14T11:58:07","date_gmt":"2026-01-14T10:58:07","guid":{"rendered":"https:\/\/eternelalgerie.dz\/?post_type=product&#038;p=23005"},"modified":"2026-01-14T11:58:07","modified_gmt":"2026-01-14T10:58:07","slug":"creme-deodorante-2","status":"publish","type":"product","link":"https:\/\/eternelalgerie.dz\/en\/product\/creme-deodorante-2\/","title":{"rendered":"Cr\u00e8me D\u00e9odorante"},"content":{"rendered":"<h3 data-start=\"85\" data-end=\"121\">Cr\u00e8me D\u00e9odorante 100 % Naturelle<\/h3>\n<p data-start=\"123\" data-end=\"358\">Offrez \u00e0 votre peau une protection efficace et respectueuse gr\u00e2ce \u00e0 notre <strong data-start=\"197\" data-end=\"233\">cr\u00e8me d\u00e9odorante 100 % naturelle<\/strong>.<br data-start=\"234\" data-end=\"237\" \/>Sa formule douce assure une <strong data-start=\"265\" data-end=\"306\">protection efficace pendant 24 heures<\/strong>, tout en respectant l\u2019\u00e9quilibre naturel de la peau.<\/p>\n<p data-start=\"360\" data-end=\"504\">\u2714 <strong data-start=\"362\" data-end=\"387\">Free of aluminum salts<\/strong><br data-start=\"387\" data-end=\"390\" \/>\u2714 <strong data-start=\"392\" data-end=\"407\">Alcohol-free<\/strong><br data-start=\"407\" data-end=\"410\" \/>\u2714 <strong data-start=\"412\" data-end=\"439\">Sans parfum synth\u00e9tique<\/strong><br data-start=\"439\" data-end=\"442\" \/>\u2714 Convient \u00e0 tous les types de peau, m\u00eame les plus sensibles<\/p>\n<p data-start=\"506\" data-end=\"593\"><strong data-start=\"506\" data-end=\"521\">Format 50 g<\/strong>, suffisant pour une <strong data-start=\"542\" data-end=\"592\">utilisation quotidienne pendant environ 2 mois<\/strong>.<\/p>\n<p data-start=\"595\" data-end=\"675\">Un d\u00e9odorant sain, efficace et naturel, pour une fra\u00eecheur durable au quotidien.<\/p>","protected":false},"excerpt":{"rendered":"<p>Cr\u00e8me D\u00e9odorante 100 % Naturelle Offrez \u00e0 votre peau une protection efficace et respectueuse gr\u00e2ce \u00e0 notre cr\u00e8me d\u00e9odorante 100 % naturelle.Sa formule douce assure une protection efficace pendant 24 heures, tout en respectant l\u2019\u00e9quilibre naturel de la peau. \u2714 Sans sels d\u2019aluminium\u2714 Sans alcool\u2714 Sans parfum synth\u00e9tique\u2714 Convient \u00e0 tous les types de peau, [&hellip;]<\/p>","protected":false},"featured_media":23008,"comment_status":"open","ping_status":"closed","template":"","meta":{"_acf_changed":false},"product_brand":[],"product_cat":[58],"product_tag":[],"class_list":{"0":"post-23005","1":"product","2":"type-product","3":"status-publish","4":"has-post-thumbnail","6":"product_cat-deodorants-solides","8":"first","9":"instock","10":"shipping-taxable","11":"purchasable","12":"product-type-simple"},"aioseo_notices":[],"acf":[],"_links":{"self":[{"href":"https:\/\/eternelalgerie.dz\/en\/wp-json\/wp\/v2\/product\/23005"}],"collection":[{"href":"https:\/\/eternelalgerie.dz\/en\/wp-json\/wp\/v2\/product"}],"about":[{"href":"https:\/\/eternelalgerie.dz\/en\/wp-json\/wp\/v2\/types\/product"}],"replies":[{"embeddable":true,"href":"https:\/\/eternelalgerie.dz\/en\/wp-json\/wp\/v2\/comments?post=23005"}],"version-history":[{"count":1,"href":"https:\/\/eternelalgerie.dz\/en\/wp-json\/wp\/v2\/product\/23005\/revisions"}],"predecessor-version":[{"id":23007,"href":"https:\/\/eternelalgerie.dz\/en\/wp-json\/wp\/v2\/product\/23005\/revisions\/23007"}],"wp:featuredmedia":[{"embeddable":true,"href":"https:\/\/eternelalgerie.dz\/en\/wp-json\/wp\/v2\/media\/23008"}],"wp:attachment":[{"href":"https:\/\/eternelalgerie.dz\/en\/wp-json\/wp\/v2\/media?parent=23005"}],"wp:term":[{"taxonomy":"product_brand","embeddable":true,"href":"https:\/\/eternelalgerie.dz\/en\/wp-json\/wp\/v2\/product_brand?post=23005"},{"taxonomy":"product_cat","embeddable":true,"href":"https:\/\/eternelalgerie.dz\/en\/wp-json\/wp\/v2\/product_cat?post=23005"},{"taxonomy":"product_tag","embeddable":true,"href":"https:\/\/eternelalgerie.dz\/en\/wp-json\/wp\/v2\/product_tag?post=23005"}],"curies":[{"name":"wp","href":"https:\/\/api.w.org\/{rel}","templated":true}]}}