{"id":22440,"date":"2024-12-08T20:39:53","date_gmt":"2024-12-08T19:39:53","guid":{"rendered":"https:\/\/eternelalgerie.dz\/?page_id=22440"},"modified":"2025-02-19T21:14:00","modified_gmt":"2025-02-19T20:14:00","slug":"categories","status":"publish","type":"page","link":"https:\/\/eternelalgerie.dz\/en\/categories\/","title":{"rendered":"Categories"},"content":{"rendered":"<div data-elementor-type=\"wp-page\" data-elementor-id=\"22440\" class=\"elementor elementor-22440\">\n\t\t\t\t\t\t\t\t\t<section class=\"elementor-section elementor-top-section elementor-element elementor-element-76d12f8 aligncenter elementor-section-boxed elementor-section-height-default elementor-section-height-default\" data-id=\"76d12f8\" data-element_type=\"section\" data-settings=\"{&quot;_ha_eqh_enable&quot;:false}\">\n\t\t\t\t\t\t<div class=\"elementor-container elementor-column-gap-default\">\n\t\t\t\t\t<div class=\"elementor-column elementor-col-100 elementor-top-column elementor-element elementor-element-2976e5f\" data-id=\"2976e5f\" data-element_type=\"column\">\n\t\t\t<div class=\"elementor-widget-wrap elementor-element-populated\">\n\t\t\t\t\t\t\t\t<div class=\"elementor-element elementor-element-f2ad795 elementor-invisible elementor-widget elementor-widget-heading\" data-id=\"f2ad795\" data-element_type=\"widget\" data-settings=\"{&quot;_animation&quot;:&quot;fadeInUp&quot;,&quot;_animation_delay&quot;:100}\" data-widget_type=\"heading.default\">\n\t\t\t\t<div class=\"elementor-widget-container\">\n\t\t\t<h2 class=\"elementor-heading-title elementor-size-default\">Our Categories<\/h2>\t\t<\/div>\n\t\t\t\t<\/div>\n\t\t\t\t\t<\/div>\n\t\t<\/div>\n\t\t\t\t\t\t\t<\/div>\n\t\t<\/section>\n\t\t\t\t<section class=\"elementor-section elementor-top-section elementor-element elementor-element-227bef3 elementor-section-boxed elementor-section-height-default elementor-section-height-default\" data-id=\"227bef3\" data-element_type=\"section\" data-settings=\"{&quot;_ha_eqh_enable&quot;:false}\">\n\t\t\t\t\t\t<div class=\"elementor-container elementor-column-gap-default\">\n\t\t\t\t\t<div class=\"elementor-column elementor-col-100 elementor-top-column elementor-element elementor-element-031c08d\" data-id=\"031c08d\" data-element_type=\"column\">\n\t\t\t<div class=\"elementor-widget-wrap elementor-element-populated\">\n\t\t\t\t\t\t\t\t<div class=\"elementor-element elementor-element-5722888 ha-pg-grid-4 ha-pg-grid-mobile-2 ha-pg-grid-tablet-2 elementor-widget elementor-widget-ha-product-category-grid-new happy-addon ha-product-category-grid-new happy-addon-pro\" data-id=\"5722888\" data-element_type=\"widget\" data-settings=\"{&quot;columns&quot;:&quot;4&quot;,&quot;columns_mobile&quot;:&quot;2&quot;,&quot;columns_tablet&quot;:&quot;2&quot;}\" data-widget_type=\"ha-product-category-grid-new.default\">\n\t\t\t\t<div class=\"elementor-widget-container\">\n\t\t\t\n\t\t<div class=\"ha-product-cat-grid-wrapper ha-product-cat-grid-classic\">\n\t\t\t\t\t\t\t<article class=\"ha-product-cat-grid-item  ha-product-cat-grid-has-image\">\n\t\t\t\t\t<div class=\"ha-product-cat-grid-item-inner\">\n\n\t\t\t\t\t\t\t\t\t\t\t\t\t<div class=\"ha-product-cat-grid-thumbnail\">\n\t\t\t\t\t\t\t\t<img decoding=\"async\" src=\"https:\/\/eternelalgerie.dz\/wp-content\/uploads\/2025\/01\/Huile-miracle-3-modified.png\" alt=\"Huiles\">\n\t\t\t\t\t\t\t<\/div>\n\t\t\t\t\t\t\n\t\t\t\t\t\t<div class=\"ha-product-cat-grid-content\">\n\t\t\t\t\t\t\t<div class=\"ha-product-cat-grid-content-inner\">\n\t\t\t\t\t\t\t\t<h2 class=\"ha-product-cat-grid-title\">\n\t\t\t\t\t\t\t\t\t<a href=\"https:\/\/eternelalgerie.dz\/en\/product-category\/huiles\/\">\n\t\t\t\t\t\t\t\t\t\tOils\t\t\t\t\t\t\t\t\t<\/a>\n\t\t\t\t\t\t\t\t<\/h2>\n\n\t\t\t\t\t\t\t\t\t\t\t\t\t\t\t<\/div>\n\t\t\t\t\t\t<\/div>\n\t\t\t\t\t<\/div>\n\t\t\t\t<\/article>\n\t\t\t\t\t\t\t\t<article class=\"ha-product-cat-grid-item  ha-product-cat-grid-has-image\">\n\t\t\t\t\t<div class=\"ha-product-cat-grid-item-inner\">\n\n\t\t\t\t\t\t\t\t\t\t\t\t\t<div class=\"ha-product-cat-grid-thumbnail\">\n\t\t\t\t\t\t\t\t<img decoding=\"async\" src=\"https:\/\/eternelalgerie.dz\/wp-content\/uploads\/2025\/01\/IMG_9817-modified.png\" alt=\"D\u00e9odorants solides\">\n\t\t\t\t\t\t\t<\/div>\n\t\t\t\t\t\t\n\t\t\t\t\t\t<div class=\"ha-product-cat-grid-content\">\n\t\t\t\t\t\t\t<div class=\"ha-product-cat-grid-content-inner\">\n\t\t\t\t\t\t\t\t<h2 class=\"ha-product-cat-grid-title\">\n\t\t\t\t\t\t\t\t\t<a href=\"https:\/\/eternelalgerie.dz\/en\/product-category\/deodorants-solides\/\">\n\t\t\t\t\t\t\t\t\t\tSolid deodorants\t\t\t\t\t\t\t\t\t<\/a>\n\t\t\t\t\t\t\t\t<\/h2>\n\n\t\t\t\t\t\t\t\t\t\t\t\t\t\t\t<\/div>\n\t\t\t\t\t\t<\/div>\n\t\t\t\t\t<\/div>\n\t\t\t\t<\/article>\n\t\t\t\t\t\t\t\t<article class=\"ha-product-cat-grid-item  ha-product-cat-grid-has-image\">\n\t\t\t\t\t<div class=\"ha-product-cat-grid-item-inner\">\n\n\t\t\t\t\t\t\t\t\t\t\t\t\t<div class=\"ha-product-cat-grid-thumbnail\">\n\t\t\t\t\t\t\t\t<img decoding=\"async\" src=\"https:\/\/eternelalgerie.dz\/wp-content\/uploads\/2025\/01\/Creme-anti-age-modified.png\" alt=\"Cr\u00e8mes\">\n\t\t\t\t\t\t\t<\/div>\n\t\t\t\t\t\t\n\t\t\t\t\t\t<div class=\"ha-product-cat-grid-content\">\n\t\t\t\t\t\t\t<div class=\"ha-product-cat-grid-content-inner\">\n\t\t\t\t\t\t\t\t<h2 class=\"ha-product-cat-grid-title\">\n\t\t\t\t\t\t\t\t\t<a href=\"https:\/\/eternelalgerie.dz\/en\/product-category\/cremes\/\">\n\t\t\t\t\t\t\t\t\t\tCreams\t\t\t\t\t\t\t\t\t<\/a>\n\t\t\t\t\t\t\t\t<\/h2>\n\n\t\t\t\t\t\t\t\t\t\t\t\t\t\t\t<\/div>\n\t\t\t\t\t\t<\/div>\n\t\t\t\t\t<\/div>\n\t\t\t\t<\/article>\n\t\t\t\t\t\t<\/div>\n\t\t\t\t<\/div>\n\t\t\t\t<\/div>\n\t\t\t\t\t<\/div>\n\t\t<\/div>\n\t\t\t\t\t\t\t<\/div>\n\t\t<\/section>\n\t\t\t\t\t\t\t<\/div>","protected":false},"excerpt":{"rendered":"<p>Nos Cat\u00e9gories S\u00e9rums Huiles Gels D\u00e9odorants solides Cr\u00e8mes Baumes<\/p>","protected":false},"author":2,"featured_media":0,"parent":0,"menu_order":0,"comment_status":"closed","ping_status":"closed","template":"","meta":{"_acf_changed":false,"footnotes":""},"class_list":["post-22440","page","type-page","status-publish","hentry"],"aioseo_notices":[],"acf":[],"_links":{"self":[{"href":"https:\/\/eternelalgerie.dz\/en\/wp-json\/wp\/v2\/pages\/22440"}],"collection":[{"href":"https:\/\/eternelalgerie.dz\/en\/wp-json\/wp\/v2\/pages"}],"about":[{"href":"https:\/\/eternelalgerie.dz\/en\/wp-json\/wp\/v2\/types\/page"}],"author":[{"embeddable":true,"href":"https:\/\/eternelalgerie.dz\/en\/wp-json\/wp\/v2\/users\/2"}],"replies":[{"embeddable":true,"href":"https:\/\/eternelalgerie.dz\/en\/wp-json\/wp\/v2\/comments?post=22440"}],"version-history":[{"count":16,"href":"https:\/\/eternelalgerie.dz\/en\/wp-json\/wp\/v2\/pages\/22440\/revisions"}],"predecessor-version":[{"id":22777,"href":"https:\/\/eternelalgerie.dz\/en\/wp-json\/wp\/v2\/pages\/22440\/revisions\/22777"}],"wp:attachment":[{"href":"https:\/\/eternelalgerie.dz\/en\/wp-json\/wp\/v2\/media?parent=22440"}],"curies":[{"name":"wp","href":"https:\/\/api.w.org\/{rel}","templated":true}]}}