{"id":22287,"date":"2024-11-26T20:13:04","date_gmt":"2024-11-26T19:13:04","guid":{"rendered":"https:\/\/eternelalgerie.dz\/?page_id=22287"},"modified":"2025-01-16T23:56:05","modified_gmt":"2025-01-16T22:56:05","slug":"points-de-vente","status":"publish","type":"page","link":"https:\/\/eternelalgerie.dz\/ar\/points-de-vente\/","title":{"rendered":"\u0646\u0642\u0627\u0637 \u0627\u0644\u0628\u064a\u0639"},"content":{"rendered":"<div data-elementor-type=\"wp-page\" data-elementor-id=\"22287\" class=\"elementor elementor-22287\">\n\t\t\t\t\t\t\t\t\t<section class=\"elementor-section elementor-top-section elementor-element elementor-element-3960a93 elementor-section-stretched elementor-section-boxed elementor-section-height-default elementor-section-height-default\" data-id=\"3960a93\" data-element_type=\"section\" data-settings=\"{&quot;stretch_section&quot;:&quot;section-stretched&quot;,&quot;background_background&quot;:&quot;classic&quot;,&quot;_ha_eqh_enable&quot;:false}\">\n\t\t\t\t\t\t<div class=\"elementor-container elementor-column-gap-default\">\n\t\t\t\t\t<div class=\"elementor-column elementor-col-100 elementor-top-column elementor-element elementor-element-731b60f\" data-id=\"731b60f\" data-element_type=\"column\">\n\t\t\t<div class=\"elementor-widget-wrap elementor-element-populated\">\n\t\t\t\t\t\t\t\t<section class=\"elementor-section elementor-inner-section elementor-element elementor-element-bb10dff aligncenter elementor-section-boxed elementor-section-height-default elementor-section-height-default\" data-id=\"bb10dff\" data-element_type=\"section\" data-settings=\"{&quot;_ha_eqh_enable&quot;:false}\">\n\t\t\t\t\t\t<div class=\"elementor-container elementor-column-gap-default\">\n\t\t\t\t\t<div class=\"elementor-column elementor-col-100 elementor-inner-column elementor-element elementor-element-7a2c080\" data-id=\"7a2c080\" data-element_type=\"column\">\n\t\t\t<div class=\"elementor-widget-wrap elementor-element-populated\">\n\t\t\t\t\t\t\t\t<div class=\"elementor-element elementor-element-4fac12b elementor-invisible elementor-widget elementor-widget-heading\" data-id=\"4fac12b\" data-element_type=\"widget\" data-settings=\"{&quot;_animation&quot;:&quot;fadeInUp&quot;,&quot;_animation_delay&quot;:100}\" data-widget_type=\"heading.default\">\n\t\t\t\t<div class=\"elementor-widget-container\">\n\t\t\t<h2 class=\"elementor-heading-title elementor-size-default\">\u0646\u0642\u0627\u0637 \u0627\u0644\u0628\u064a\u0639<\/h2>\t\t<\/div>\n\t\t\t\t<\/div>\n\t\t\t\t\t<\/div>\n\t\t<\/div>\n\t\t\t\t\t\t\t<\/div>\n\t\t<\/section>\n\t\t\t\t<section class=\"elementor-section elementor-inner-section elementor-element elementor-element-8eb0c86 elementor-section-boxed elementor-section-height-default elementor-section-height-default\" data-id=\"8eb0c86\" data-element_type=\"section\" data-settings=\"{&quot;_ha_eqh_enable&quot;:false}\">\n\t\t\t\t\t\t<div class=\"elementor-container elementor-column-gap-default\">\n\t\t\t\t\t<div class=\"elementor-column elementor-col-50 elementor-inner-column elementor-element elementor-element-abcd253\" data-id=\"abcd253\" data-element_type=\"column\">\n\t\t\t<div class=\"elementor-widget-wrap elementor-element-populated\">\n\t\t\t\t\t\t\t\t<div class=\"elementor-element elementor-element-e89f6c9 elementor-invisible elementor-widget elementor-widget-heading\" data-id=\"e89f6c9\" data-element_type=\"widget\" data-settings=\"{&quot;_animation&quot;:&quot;fadeInUp&quot;,&quot;_animation_delay&quot;:100}\" data-widget_type=\"heading.default\">\n\t\t\t\t<div class=\"elementor-widget-container\">\n\t\t\t<h2 class=\"elementor-heading-title elementor-size-default\">\u0646\u0642\u0627\u0637 \u0628\u064a\u0639\u0646\u0627 \u0641\u064a \u0648\u0647\u0631\u0627\u0646<\/h2>\t\t<\/div>\n\t\t\t\t<\/div>\n\t\t\t\t<div class=\"elementor-element elementor-element-f952cea elementor-widget elementor-widget-text-editor\" data-id=\"f952cea\" data-element_type=\"widget\" data-widget_type=\"text-editor.default\">\n\t\t\t\t<div class=\"elementor-widget-container\">\n\t\t\t\t\t\t\t<table><thead><tr><th><span style=\"color: #000000;\"><strong>\u0627\u0644\u0631\u0642\u0645<\/strong><\/span><\/th><th><span style=\"color: #000000;\"><strong>\u0627\u0644\u0627\u0633\u0645<\/strong><\/span><\/th><th><span style=\"color: #000000;\"><strong>\u0627\u0644\u0639\u0646\u0648\u0627\u0646<\/strong><\/span><\/th><th><span style=\"color: #000000;\"><strong>\u0631\u0642\u0645 \u0627\u0644\u0647\u0627\u062a\u0641<\/strong><\/span><\/th><\/tr><\/thead><tbody><tr><td>1<\/td><td>Pharmacie Bendaoud<\/td><td>Place Hoche<\/td><td>0555367668<\/td><\/tr><tr><td>2<\/td><td>Pharmacie Bendaikha<\/td><td>Rue Mostaganem<\/td><td>0550720516, 0550624202<\/td><\/tr><tr><td>3<\/td><td>Pharmacie Place des victoires<\/td><td>Place des victoires<\/td><td>041401786<\/td><\/tr><tr><td>4<\/td><td>Pharmacie Derouiche<\/td><td>Akid Lotfi<\/td><td>0770803431<\/td><\/tr><tr><td>5<\/td><td>Otodus Pharm<\/td><td>Albert premier<\/td><td>0551525330<\/td><\/tr><tr><td>6<\/td><td>Dalia Parapharm<\/td><td>St Hubert<\/td><td>0552951904<\/td><\/tr><tr><td>7<\/td><td>Parapharm Mimosai<\/td><td>Bir Djir<\/td><td>0770918413<\/td><\/tr><tr><td>8<\/td><td>Pharmacie de l\u2019h\u00f4pital<\/td><td>Place Roux<\/td><td>0542717573<\/td><\/tr><tr><td>9<\/td><td>Pharmacie du Central<\/td><td>Mediouni<\/td><td>0540979325<\/td><\/tr><tr><td>10<\/td><td>Pharmacie Rahali<\/td><td>Gdyel<\/td><td>0799786084, 0554157274<\/td><\/tr><tr><td>11<\/td><td>Pharmacie Ahmed Hai<\/td><td>Maraval Oran<\/td><td>041342578<\/td><\/tr><tr><td>12<\/td><td>Cabinet Neroli<\/td><td>Trait d\u00b4union<\/td><td>0770443158<\/td><\/tr><\/tbody><\/table>\t\t\t\t\t\t<\/div>\n\t\t\t\t<\/div>\n\t\t\t\t\t<\/div>\n\t\t<\/div>\n\t\t\t\t<div class=\"elementor-column elementor-col-50 elementor-inner-column elementor-element elementor-element-b37b0dd\" data-id=\"b37b0dd\" data-element_type=\"column\">\n\t\t\t<div class=\"elementor-widget-wrap\">\n\t\t\t\t\t\t\t\t\t<\/div>\n\t\t<\/div>\n\t\t\t\t\t\t\t<\/div>\n\t\t<\/section>\n\t\t\t\t<section class=\"elementor-section elementor-inner-section elementor-element elementor-element-4c33492 elementor-section-boxed elementor-section-height-default elementor-section-height-default\" data-id=\"4c33492\" data-element_type=\"section\" data-settings=\"{&quot;_ha_eqh_enable&quot;:false}\">\n\t\t\t\t\t\t<div class=\"elementor-container elementor-column-gap-default\">\n\t\t\t\t\t<div class=\"elementor-column elementor-col-50 elementor-inner-column elementor-element elementor-element-7d0aca6\" data-id=\"7d0aca6\" data-element_type=\"column\">\n\t\t\t<div class=\"elementor-widget-wrap elementor-element-populated\">\n\t\t\t\t\t\t\t\t<div class=\"elementor-element elementor-element-71a2208 elementor-invisible elementor-widget elementor-widget-heading\" data-id=\"71a2208\" data-element_type=\"widget\" data-settings=\"{&quot;_animation&quot;:&quot;fadeInUp&quot;,&quot;_animation_delay&quot;:100}\" data-widget_type=\"heading.default\">\n\t\t\t\t<div class=\"elementor-widget-container\">\n\t\t\t<h2 class=\"elementor-heading-title elementor-size-default\">\u0646\u0642\u0627\u0637 \u0628\u064a\u0639\u0646\u0627 \u0641\u064a \u0627\u0644\u062c\u0632\u0627\u0626\u0631:<\/h2>\t\t<\/div>\n\t\t\t\t<\/div>\n\t\t\t\t<div class=\"elementor-element elementor-element-fdef3a2 elementor-widget elementor-widget-text-editor\" data-id=\"fdef3a2\" data-element_type=\"widget\" data-widget_type=\"text-editor.default\">\n\t\t\t\t<div class=\"elementor-widget-container\">\n\t\t\t\t\t\t\t<table style=\"height: 1318px;\" width=\"317\"><thead><tr><th><span style=\"color: #000000;\"><strong>\u0627\u0644\u0631\u0642\u0645\u00a0<\/strong><\/span><\/th><th><span style=\"color: #000000;\"><strong>\u0627\u0644\u0627\u0633\u0645<\/strong><\/span><\/th><th><span style=\"color: #000000;\"><strong>\u0627\u0644\u0639\u0646\u0648\u0627\u0646<\/strong><\/span><\/th><th><span style=\"color: #000000;\"><strong>\u0631\u0642\u0645 \u0627\u0644\u0647\u0627\u062a\u0641<\/strong><\/span><\/th><\/tr><\/thead><tbody><tr><td>13\u00a0<\/td><td>Vital Pharma<\/td><td>Said Hamdine<\/td><td>0550907620, 0561804959, 0550907620<\/td><\/tr><tr><td>14<\/td><td>Pharmacie les Jasmins<\/td><td>El Madania<\/td><td>0660609884<\/td><\/tr><tr><td>15<\/td><td>Pharmacie Armaf<\/td><td>Chevalley<\/td><td>023197684<\/td><\/tr><tr><td>16<\/td><td>Pharmacie Serapi Baouni<\/td><td>Bir Khadem<\/td><td>0552679102, 0552104628<\/td><\/tr><tr><td>17<\/td><td>Pharmacie Mokrani<\/td><td>Hydra<\/td><td>023484829<\/td><\/tr><tr><td>18<\/td><td>Lotus Para Cos<\/td><td>Rouiba<\/td><td>0554196969<\/td><\/tr><tr><td>19<\/td><td>El Rayhan Concept Store<\/td><td>22 Boulevard Mohamed Boudiaf, Ch\u00e9raga<\/td><td>0655353899<\/td><\/tr><tr><td>20<\/td><td>Pharmacie El Madania<\/td><td>16 Rue Mohamed Badaoui El Madania<\/td><td>0770251878<\/td><\/tr><tr><td>21<\/td><td>Pharmacie Messaoudi<\/td><td>Cooperative EL Yasmine Nr. 15, Rouiba<\/td><td>0559654887<\/td><\/tr><tr><td>22<\/td><td>Pharmacie Nadjem<\/td><td>Cooperative Abass Leghrour, Kouba<\/td><td>0556356967<\/td><\/tr><tr><td>23<\/td><td>Mamiche \u00e9picerie fine<\/td><td>Bois des cars 3, Dely Brahim<\/td><td>0661562666<\/td><\/tr><tr><td>24<\/td><td>Pharmaly<\/td><td>Didouche Mourad, Alger Centre<\/td><td>0555239541<\/td><\/tr><tr><td>25<\/td><td>Pharmacie Audin<\/td><td>33 Rue Didouche Mourad, Alger Centre<\/td><td>0770340034<\/td><\/tr><tr><td>26<\/td><td>Pharmacie l\u2019Olivier<\/td><td>Said Hamdine, \u00e0 proximit\u00e9 des arr\u00eats de bus et du tribunal<\/td><td>0779672524<\/td><\/tr><\/tbody><\/table>\t\t\t\t\t\t<\/div>\n\t\t\t\t<\/div>\n\t\t\t\t\t<\/div>\n\t\t<\/div>\n\t\t\t\t<div class=\"elementor-column elementor-col-50 elementor-inner-column elementor-element elementor-element-9f49f1c\" data-id=\"9f49f1c\" data-element_type=\"column\">\n\t\t\t<div class=\"elementor-widget-wrap\">\n\t\t\t\t\t\t\t\t\t<\/div>\n\t\t<\/div>\n\t\t\t\t\t\t\t<\/div>\n\t\t<\/section>\n\t\t\t\t<section class=\"elementor-section elementor-inner-section elementor-element elementor-element-8d7a5ef elementor-section-boxed elementor-section-height-default elementor-section-height-default\" data-id=\"8d7a5ef\" data-element_type=\"section\" data-settings=\"{&quot;_ha_eqh_enable&quot;:false}\">\n\t\t\t\t\t\t<div class=\"elementor-container elementor-column-gap-default\">\n\t\t\t\t\t<div class=\"elementor-column elementor-col-50 elementor-inner-column elementor-element elementor-element-e5af5f3\" data-id=\"e5af5f3\" data-element_type=\"column\">\n\t\t\t<div class=\"elementor-widget-wrap elementor-element-populated\">\n\t\t\t\t\t\t\t\t<div class=\"elementor-element elementor-element-34f9dcb elementor-invisible elementor-widget elementor-widget-heading\" data-id=\"34f9dcb\" data-element_type=\"widget\" data-settings=\"{&quot;_animation&quot;:&quot;fadeInUp&quot;,&quot;_animation_delay&quot;:100}\" data-widget_type=\"heading.default\">\n\t\t\t\t<div class=\"elementor-widget-container\">\n\t\t\t<h2 class=\"elementor-heading-title elementor-size-default\">\u0646\u0642\u0627\u0637 \u0628\u064a\u0639\u0646\u0627 \u0641\u064a \u0627\u0644\u0628\u0644\u064a\u062f\u0629:<\/h2>\t\t<\/div>\n\t\t\t\t<\/div>\n\t\t\t\t<div class=\"elementor-element elementor-element-e2dc797 elementor-widget elementor-widget-text-editor\" data-id=\"e2dc797\" data-element_type=\"widget\" data-widget_type=\"text-editor.default\">\n\t\t\t\t<div class=\"elementor-widget-container\">\n\t\t\t\t\t\t\t<table><thead><tr><th><strong><span style=\"color: #000000;\">\u0627\u0644\u0631\u0642\u0645<\/span><\/strong><\/th><th><strong><span style=\"color: #000000;\">\u0627\u0644\u0627\u0633\u0645<\/span><\/strong><\/th><th><strong><span style=\"color: #000000;\">\u0627\u0644\u0639\u0646\u0648\u0627\u0646<\/span><\/strong><\/th><th><strong><span style=\"color: #000000;\">\u0631\u0642\u0645 \u0627\u0644\u0647\u0627\u062a\u0641<\/span><\/strong><\/th><\/tr><\/thead><tbody><tr><td>27<\/td><td>Pharmacie Tarzaali<\/td><td>07 avenue Mekerkeb Benyoucef, Blida<\/td><td>0559378195<\/td><\/tr><tr><td>28<\/td><td>Pharmacie Dr. Mokrani Hakim<\/td><td>28 rue Colonel Bouguerra, Boufarik<\/td><td>0670252258<\/td><\/tr><\/tbody><\/table>\t\t\t\t\t\t<\/div>\n\t\t\t\t<\/div>\n\t\t\t\t\t<\/div>\n\t\t<\/div>\n\t\t\t\t<div class=\"elementor-column elementor-col-50 elementor-inner-column elementor-element elementor-element-09c2ee6\" data-id=\"09c2ee6\" data-element_type=\"column\">\n\t\t\t<div class=\"elementor-widget-wrap\">\n\t\t\t\t\t\t\t\t\t<\/div>\n\t\t<\/div>\n\t\t\t\t\t\t\t<\/div>\n\t\t<\/section>\n\t\t\t\t<section class=\"elementor-section elementor-inner-section elementor-element elementor-element-93f2f5c elementor-section-boxed elementor-section-height-default elementor-section-height-default\" data-id=\"93f2f5c\" data-element_type=\"section\" data-settings=\"{&quot;_ha_eqh_enable&quot;:false}\">\n\t\t\t\t\t\t<div class=\"elementor-container elementor-column-gap-default\">\n\t\t\t\t\t<div class=\"elementor-column elementor-col-50 elementor-inner-column elementor-element elementor-element-99ce2ed\" data-id=\"99ce2ed\" data-element_type=\"column\">\n\t\t\t<div class=\"elementor-widget-wrap elementor-element-populated\">\n\t\t\t\t\t\t\t\t<div class=\"elementor-element elementor-element-9146353 elementor-invisible elementor-widget elementor-widget-heading\" data-id=\"9146353\" data-element_type=\"widget\" data-settings=\"{&quot;_animation&quot;:&quot;fadeInUp&quot;,&quot;_animation_delay&quot;:100}\" data-widget_type=\"heading.default\">\n\t\t\t\t<div class=\"elementor-widget-container\">\n\t\t\t<h2 class=\"elementor-heading-title elementor-size-default\">\u0646\u0642\u0627\u0637 \u0628\u064a\u0639\u0646\u0627 \u0641\u064a \u0627\u0644\u0648\u0644\u0627\u064a\u0627\u062a \u0627\u0644\u0623\u062e\u0631\u0649:<\/h2>\t\t<\/div>\n\t\t\t\t<\/div>\n\t\t\t\t<div class=\"elementor-element elementor-element-70051a4 elementor-widget elementor-widget-text-editor\" data-id=\"70051a4\" data-element_type=\"widget\" data-widget_type=\"text-editor.default\">\n\t\t\t\t<div class=\"elementor-widget-container\">\n\t\t\t\t\t\t\t<table><thead><tr><th><span style=\"color: #000000;\"><strong>\u0627\u0644\u0631\u0642\u0645<\/strong><\/span><\/th><th><span style=\"color: #000000;\"><strong>\u0627\u0644\u0627\u0633\u0645<\/strong><\/span><\/th><th><span style=\"color: #000000;\"><strong>Wilaya<\/strong><\/span><\/th><th><span style=\"color: #000000;\"><strong>\u0627\u0644\u0639\u0646\u0648\u0627\u0646<\/strong><\/span><\/th><th><span style=\"color: #000000;\"><strong>\u0631\u0642\u0645 \u0627\u0644\u0647\u0627\u062a\u0641<\/strong><\/span><\/th><\/tr><\/thead><tbody><tr><td>29\u00a0\u00a0<\/td><td>Pharmacie Meheleb Djamila<\/td><td>B\u00e9ja\u00efa<\/td><td>24, Chemin Des Cretes, B\u00e9ja\u00efa<\/td><td>034107531<\/td><\/tr><tr><td>30<\/td><td>SARL AMM sud, El Oued<\/td><td>El Oued<\/td><td>El Oued, Centre Ville Rond Point 35<\/td><td>0554564729<\/td><\/tr><tr><td>31<\/td><td>Green Shop<\/td><td>Jijel<\/td><td>Jijel<\/td><td>0662381816<\/td><\/tr><tr><td>32<\/td><td>Pharmacie Bachtarzi Jihane<\/td><td>Annaba<\/td><td>24 rue Benbadis Annaba<\/td><td>0798854675<\/td><\/tr><tr><td>33<\/td><td>Pharmacie Ghenam Sabrina \/ Souad Dermo<\/td><td>Mascara<\/td><td>97 rue Djamel Abdenacer-zone 8, Mascara<\/td><td>0549172416, 0672251399<\/td><\/tr><tr><td>34<\/td><td>Pharmacie Dr. HAKIMA DJEBBAR<\/td><td>Ain Temouchent<\/td><td>Rue de l&rsquo;h\u00f4pital, Beni Saf, Ain Temouchent<\/td><td>0553692627<\/td><\/tr><tr><td>35<\/td><td>Pharmacie Rahali Maria<\/td><td>Gdyel<\/td><td>Arzew<\/td><td>0799786084, 0554157274<\/td><\/tr><tr><td>36<\/td><td>Pharmacie de la Tour<\/td><td>Tizi Ouzou<\/td><td>Nouvelle ville Tizi Ouzou, en face de la clinique El Djouher<\/td><td>0655085053<\/td><\/tr><tr><td>37<\/td><td>Nature et terroir<\/td><td>Sidi Bel Abb\u00e8s<\/td><td>Sidi Bel Abb\u00e8s<\/td><td>0553218605<\/td><\/tr><tr><td>38<\/td><td>Epicerie Saida Dar el Mima<\/td><td>Saida<\/td><td>Rue Ali Boumenjel Nr.2, Saida<\/td><td>0782557998<\/td><\/tr><tr><td>39<\/td><td>AG Pharmacy<\/td><td>Bouira<\/td><td>Cit\u00e9 338, en face de la gendarmerie<\/td><td>0671590118<\/td><\/tr><tr><td>40<\/td><td>Royal Cosm\u00e9tique<\/td><td>Gharda\u00efa<\/td><td>Rue Tihart, Gharda\u00efa<\/td><td>0659552601<\/td><\/tr><tr><td>41<\/td><td>Pharmacie DERDAR Asma<\/td><td>Gharda\u00efa<\/td><td>Cit\u00e9 El Djamel Bouhraoua, Gharda\u00efa<\/td><td>0556762695<\/td><\/tr><tr><td>42<\/td><td>Attamimi<\/td><td>S\u00e9tif<\/td><td>Ma\u00e2bouda<\/td><td>0779244410<\/td><\/tr><tr><td>43<\/td><td>Pharmacie Arc en ciel \u0635\u064a\u062f\u0644\u064a\u0629 \u0628\u0646 \u062c\u0627\u0645\u0639<\/td><td>Skikda<\/td><td>Rue de Beni Malek (en face Trust Bank), Skikda<\/td><td>030860541<\/td><\/tr><\/tbody><\/table>\t\t\t\t\t\t<\/div>\n\t\t\t\t<\/div>\n\t\t\t\t\t<\/div>\n\t\t<\/div>\n\t\t\t\t<div class=\"elementor-column elementor-col-50 elementor-inner-column elementor-element elementor-element-8718499\" data-id=\"8718499\" data-element_type=\"column\">\n\t\t\t<div class=\"elementor-widget-wrap\">\n\t\t\t\t\t\t\t\t\t<\/div>\n\t\t<\/div>\n\t\t\t\t\t\t\t<\/div>\n\t\t<\/section>\n\t\t\t\t<section class=\"elementor-section elementor-inner-section elementor-element elementor-element-7f11a46 elementor-section-boxed elementor-section-height-default elementor-section-height-default\" data-id=\"7f11a46\" data-element_type=\"section\" data-settings=\"{&quot;_ha_eqh_enable&quot;:false}\">\n\t\t\t\t\t\t<div class=\"elementor-container elementor-column-gap-default\">\n\t\t\t\t\t<div class=\"elementor-column elementor-col-100 elementor-inner-column elementor-element elementor-element-8d2a3bf\" data-id=\"8d2a3bf\" data-element_type=\"column\">\n\t\t\t<div class=\"elementor-widget-wrap elementor-element-populated\">\n\t\t\t\t\t\t\t\t<div class=\"elementor-element elementor-element-bc76fd3 elementor-widget elementor-widget-spacer\" data-id=\"bc76fd3\" data-element_type=\"widget\" data-widget_type=\"spacer.default\">\n\t\t\t\t<div class=\"elementor-widget-container\">\n\t\t\t\t\t<div class=\"elementor-spacer\">\n\t\t\t<div class=\"elementor-spacer-inner\"><\/div>\n\t\t<\/div>\n\t\t\t\t<\/div>\n\t\t\t\t<\/div>\n\t\t\t\t\t<\/div>\n\t\t<\/div>\n\t\t\t\t\t\t\t<\/div>\n\t\t<\/section>\n\t\t\t\t\t<\/div>\n\t\t<\/div>\n\t\t\t\t\t\t\t<\/div>\n\t\t<\/section>\n\t\t\t\t\t\t\t<\/div>","protected":false},"excerpt":{"rendered":"<p>POINTS DE VENTE Nos points de vente \u00e0 ORAN N\u00b0 Nom Adresse Num\u00e9ro 1 Pharmacie Bendaoud Place Hoche 0555367668 2 Pharmacie Bendaikha Rue Mostaganem 0550720516, 0550624202 3 Pharmacie Place des victoires Place des victoires 041401786 4 Pharmacie Derouiche Akid Lotfi 0770803431 5 Otodus Pharm Albert premier 0551525330 6 Dalia Parapharm St Hubert 0552951904 7 Parapharm [&hellip;]<\/p>","protected":false},"author":2,"featured_media":0,"parent":0,"menu_order":0,"comment_status":"closed","ping_status":"closed","template":"","meta":{"_acf_changed":false,"footnotes":""},"class_list":["post-22287","page","type-page","status-publish","hentry"],"aioseo_notices":[],"acf":[],"_links":{"self":[{"href":"https:\/\/eternelalgerie.dz\/ar\/wp-json\/wp\/v2\/pages\/22287"}],"collection":[{"href":"https:\/\/eternelalgerie.dz\/ar\/wp-json\/wp\/v2\/pages"}],"about":[{"href":"https:\/\/eternelalgerie.dz\/ar\/wp-json\/wp\/v2\/types\/page"}],"author":[{"embeddable":true,"href":"https:\/\/eternelalgerie.dz\/ar\/wp-json\/wp\/v2\/users\/2"}],"replies":[{"embeddable":true,"href":"https:\/\/eternelalgerie.dz\/ar\/wp-json\/wp\/v2\/comments?post=22287"}],"version-history":[{"count":58,"href":"https:\/\/eternelalgerie.dz\/ar\/wp-json\/wp\/v2\/pages\/22287\/revisions"}],"predecessor-version":[{"id":22663,"href":"https:\/\/eternelalgerie.dz\/ar\/wp-json\/wp\/v2\/pages\/22287\/revisions\/22663"}],"wp:attachment":[{"href":"https:\/\/eternelalgerie.dz\/ar\/wp-json\/wp\/v2\/media?parent=22287"}],"curies":[{"name":"wp","href":"https:\/\/api.w.org\/{rel}","templated":true}]}}